{"id":2827,"date":"2022-04-28T15:25:25","date_gmt":"2022-04-28T13:25:25","guid":{"rendered":"https:\/\/vinarijaburnum.hr\/product\/white-cuvee\/"},"modified":"2022-04-28T15:25:25","modified_gmt":"2022-04-28T13:25:25","slug":"white-cuvee-burnum","status":"publish","type":"product","link":"https:\/\/vinarijaburnum.hr\/en\/product\/white-cuvee-burnum\/","title":{"rendered":"White cuv\u00e9e"},"content":{"rendered":"<p>Crystalline wine the color of a yellow, ripe lemon.<br \/>\nThe rich aromas of citrus, grapefruit, Spanish ringlo plum, yellow apple, pear and Mediterranean yellow herbs overwhelm the senses.<br \/>\nThe wine is dry, with pronounced minerality and freshness.<br \/>\nIn the mouth, dry Mediterranean grass, local yellow fruit, but also grapefruit, pineapple, vanilla and light caramel.<br \/>\nA rich, medium-bodied wine in which fruitiness, freshness and alcohol are combined in a perfect balance.<br \/>\nLong-lasting, fruity &#8220;aftertaste&#8221; on the palate with a bit of pleasant grapefruit bitterness.<br \/>\nA wine that will satisfy all tastes.<\/p>\n<p><strong>Gastronomic recommendations:<\/strong> prosciutto, fish, grilled white meat, roasted vegetable dishes and mature cheeses.<\/p>\n","protected":false},"excerpt":{"rendered":"<p><strong>Harvest year:<\/strong> 2019.<br \/>\n<strong>Varieties:<\/strong> Chardonnay, Viognier, Po\u0161ip, Mara\u0161tina<br \/>\n<strong>Alk.:<\/strong> 13.5 %<br \/>\n<strong>Volume:<\/strong> 0.75 l<br \/>\nVineyard <strong>\/position:<\/strong> Knin vineyard<br \/>\n <strong>Serving temperature:<\/strong> 8-10 \u00b0C<br \/>\n <strong>Production:<\/strong> 3400 bottles<strong><br \/>\n<\/strong><\/p>\n<p><strong>Matured in oak barrels for 2 years.<\/strong><\/p>\n","protected":false},"featured_media":1056,"comment_status":"open","ping_status":"closed","template":"","meta":[],"product_cat":[86],"product_tag":[],"class_list":{"0":"post-2827","1":"product","2":"type-product","3":"status-publish","4":"has-post-thumbnail","6":"product_cat-wines","8":"first","9":"instock","10":"taxable","11":"shipping-taxable","12":"purchasable","13":"product-type-simple"},"yoast_head":"<!-- This site is optimized with the Yoast SEO plugin v21.9.1 - https:\/\/yoast.com\/wordpress\/plugins\/seo\/ -->\n<title>White cuv\u00e9e - Vinarija Burnum<\/title>\n<meta name=\"robots\" content=\"index, follow, max-snippet:-1, max-image-preview:large, max-video-preview:-1\" \/>\n<link rel=\"canonical\" href=\"https:\/\/vinarijaburnum.hr\/en\/product\/white-cuvee-burnum\/\" \/>\n<meta property=\"og:locale\" content=\"en_US\" \/>\n<meta property=\"og:type\" content=\"article\" \/>\n<meta property=\"og:title\" content=\"White cuv\u00e9e - Vinarija Burnum\" \/>\n<meta property=\"og:description\" content=\"Harvest year: 2019. Varieties: Chardonnay, Viognier, Po\u0161ip, Mara\u0161tina Alk.: 13.5 % Volume: 0.75 l Vineyard \/position: Knin vineyard Serving temperature: 8-10 \u00b0C Production: 3400 bottles  Matured in oak barrels for 2 years.\" \/>\n<meta property=\"og:url\" content=\"https:\/\/vinarijaburnum.hr\/en\/product\/white-cuvee-burnum\/\" \/>\n<meta property=\"og:site_name\" content=\"Vinarija Burnum\" \/>\n<meta property=\"article:publisher\" content=\"https:\/\/web.facebook.com\/Vinarija-Burnum-111560737163962\/\" \/>\n<meta property=\"og:image\" content=\"https:\/\/vinarijaburnum.hr\/wp-content\/uploads\/2022\/04\/Bijeli-Cuvee-Burnum_webshop.png\" \/>\n\t<meta property=\"og:image:width\" content=\"1200\" \/>\n\t<meta property=\"og:image:height\" content=\"900\" \/>\n\t<meta property=\"og:image:type\" content=\"image\/png\" \/>\n<meta name=\"twitter:card\" content=\"summary_large_image\" \/>\n<meta name=\"twitter:label1\" content=\"Est. reading time\" \/>\n\t<meta name=\"twitter:data1\" content=\"1 minute\" \/>\n<script type=\"application\/ld+json\" class=\"yoast-schema-graph\">{\"@context\":\"https:\/\/schema.org\",\"@graph\":[{\"@type\":\"WebPage\",\"@id\":\"https:\/\/vinarijaburnum.hr\/en\/product\/white-cuvee-burnum\/\",\"url\":\"https:\/\/vinarijaburnum.hr\/en\/product\/white-cuvee-burnum\/\",\"name\":\"White cuv\u00e9e - Vinarija Burnum\",\"isPartOf\":{\"@id\":\"https:\/\/vinarijaburnum.hr\/#website\"},\"datePublished\":\"2022-04-28T13:25:25+00:00\",\"dateModified\":\"2022-04-28T13:25:25+00:00\",\"breadcrumb\":{\"@id\":\"https:\/\/vinarijaburnum.hr\/en\/product\/white-cuvee-burnum\/#breadcrumb\"},\"inLanguage\":\"en-US\",\"potentialAction\":[{\"@type\":\"ReadAction\",\"target\":[\"https:\/\/vinarijaburnum.hr\/en\/product\/white-cuvee-burnum\/\"]}]},{\"@type\":\"BreadcrumbList\",\"@id\":\"https:\/\/vinarijaburnum.hr\/en\/product\/white-cuvee-burnum\/#breadcrumb\",\"itemListElement\":[{\"@type\":\"ListItem\",\"position\":1,\"name\":\"Home\",\"item\":\"https:\/\/vinarijaburnum.hr\/en\/home\/\"},{\"@type\":\"ListItem\",\"position\":2,\"name\":\"Webshop\",\"item\":\"https:\/\/vinarijaburnum.hr\/webshop\/\"},{\"@type\":\"ListItem\",\"position\":3,\"name\":\"White cuv\u00e9e\"}]},{\"@type\":\"WebSite\",\"@id\":\"https:\/\/vinarijaburnum.hr\/#website\",\"url\":\"https:\/\/vinarijaburnum.hr\/\",\"name\":\"Vinarija Burnum\",\"description\":\"Vinarija Burnum\",\"publisher\":{\"@id\":\"https:\/\/vinarijaburnum.hr\/#organization\"},\"potentialAction\":[{\"@type\":\"SearchAction\",\"target\":{\"@type\":\"EntryPoint\",\"urlTemplate\":\"https:\/\/vinarijaburnum.hr\/?s={search_term_string}\"},\"query-input\":\"required name=search_term_string\"}],\"inLanguage\":\"en-US\"},{\"@type\":\"Organization\",\"@id\":\"https:\/\/vinarijaburnum.hr\/#organization\",\"name\":\"Vinarija Burnum\",\"url\":\"https:\/\/vinarijaburnum.hr\/\",\"logo\":{\"@type\":\"ImageObject\",\"inLanguage\":\"en-US\",\"@id\":\"https:\/\/vinarijaburnum.hr\/#\/schema\/logo\/image\/\",\"url\":\"https:\/\/vinarijaburnum.hr\/wp-content\/uploads\/2022\/03\/Burnum_LOGO_full.png\",\"contentUrl\":\"https:\/\/vinarijaburnum.hr\/wp-content\/uploads\/2022\/03\/Burnum_LOGO_full.png\",\"width\":725,\"height\":258,\"caption\":\"Vinarija Burnum\"},\"image\":{\"@id\":\"https:\/\/vinarijaburnum.hr\/#\/schema\/logo\/image\/\"},\"sameAs\":[\"https:\/\/web.facebook.com\/Vinarija-Burnum-111560737163962\/\"]}]}<\/script>\n<!-- \/ Yoast SEO plugin. -->","yoast_head_json":{"title":"White cuv\u00e9e - Vinarija Burnum","robots":{"index":"index","follow":"follow","max-snippet":"max-snippet:-1","max-image-preview":"max-image-preview:large","max-video-preview":"max-video-preview:-1"},"canonical":"https:\/\/vinarijaburnum.hr\/en\/product\/white-cuvee-burnum\/","og_locale":"en_US","og_type":"article","og_title":"White cuv\u00e9e - Vinarija Burnum","og_description":"Harvest year: 2019. Varieties: Chardonnay, Viognier, Po\u0161ip, Mara\u0161tina Alk.: 13.5 % Volume: 0.75 l Vineyard \/position: Knin vineyard Serving temperature: 8-10 \u00b0C Production: 3400 bottles  Matured in oak barrels for 2 years.","og_url":"https:\/\/vinarijaburnum.hr\/en\/product\/white-cuvee-burnum\/","og_site_name":"Vinarija Burnum","article_publisher":"https:\/\/web.facebook.com\/Vinarija-Burnum-111560737163962\/","og_image":[{"width":1200,"height":900,"url":"https:\/\/vinarijaburnum.hr\/wp-content\/uploads\/2022\/04\/Bijeli-Cuvee-Burnum_webshop.png","type":"image\/png"}],"twitter_card":"summary_large_image","twitter_misc":{"Est. reading time":"1 minute"},"schema":{"@context":"https:\/\/schema.org","@graph":[{"@type":"WebPage","@id":"https:\/\/vinarijaburnum.hr\/en\/product\/white-cuvee-burnum\/","url":"https:\/\/vinarijaburnum.hr\/en\/product\/white-cuvee-burnum\/","name":"White cuv\u00e9e - Vinarija Burnum","isPartOf":{"@id":"https:\/\/vinarijaburnum.hr\/#website"},"datePublished":"2022-04-28T13:25:25+00:00","dateModified":"2022-04-28T13:25:25+00:00","breadcrumb":{"@id":"https:\/\/vinarijaburnum.hr\/en\/product\/white-cuvee-burnum\/#breadcrumb"},"inLanguage":"en-US","potentialAction":[{"@type":"ReadAction","target":["https:\/\/vinarijaburnum.hr\/en\/product\/white-cuvee-burnum\/"]}]},{"@type":"BreadcrumbList","@id":"https:\/\/vinarijaburnum.hr\/en\/product\/white-cuvee-burnum\/#breadcrumb","itemListElement":[{"@type":"ListItem","position":1,"name":"Home","item":"https:\/\/vinarijaburnum.hr\/en\/home\/"},{"@type":"ListItem","position":2,"name":"Webshop","item":"https:\/\/vinarijaburnum.hr\/webshop\/"},{"@type":"ListItem","position":3,"name":"White cuv\u00e9e"}]},{"@type":"WebSite","@id":"https:\/\/vinarijaburnum.hr\/#website","url":"https:\/\/vinarijaburnum.hr\/","name":"Vinarija Burnum","description":"Vinarija Burnum","publisher":{"@id":"https:\/\/vinarijaburnum.hr\/#organization"},"potentialAction":[{"@type":"SearchAction","target":{"@type":"EntryPoint","urlTemplate":"https:\/\/vinarijaburnum.hr\/?s={search_term_string}"},"query-input":"required name=search_term_string"}],"inLanguage":"en-US"},{"@type":"Organization","@id":"https:\/\/vinarijaburnum.hr\/#organization","name":"Vinarija Burnum","url":"https:\/\/vinarijaburnum.hr\/","logo":{"@type":"ImageObject","inLanguage":"en-US","@id":"https:\/\/vinarijaburnum.hr\/#\/schema\/logo\/image\/","url":"https:\/\/vinarijaburnum.hr\/wp-content\/uploads\/2022\/03\/Burnum_LOGO_full.png","contentUrl":"https:\/\/vinarijaburnum.hr\/wp-content\/uploads\/2022\/03\/Burnum_LOGO_full.png","width":725,"height":258,"caption":"Vinarija Burnum"},"image":{"@id":"https:\/\/vinarijaburnum.hr\/#\/schema\/logo\/image\/"},"sameAs":["https:\/\/web.facebook.com\/Vinarija-Burnum-111560737163962\/"]}]}},"_links":{"self":[{"href":"https:\/\/vinarijaburnum.hr\/en\/wp-json\/wp\/v2\/product\/2827","targetHints":{"allow":["GET"]}}],"collection":[{"href":"https:\/\/vinarijaburnum.hr\/en\/wp-json\/wp\/v2\/product"}],"about":[{"href":"https:\/\/vinarijaburnum.hr\/en\/wp-json\/wp\/v2\/types\/product"}],"replies":[{"embeddable":true,"href":"https:\/\/vinarijaburnum.hr\/en\/wp-json\/wp\/v2\/comments?post=2827"}],"wp:featuredmedia":[{"embeddable":true,"href":"https:\/\/vinarijaburnum.hr\/en\/wp-json\/wp\/v2\/media\/1056"}],"wp:attachment":[{"href":"https:\/\/vinarijaburnum.hr\/en\/wp-json\/wp\/v2\/media?parent=2827"}],"wp:term":[{"taxonomy":"product_cat","embeddable":true,"href":"https:\/\/vinarijaburnum.hr\/en\/wp-json\/wp\/v2\/product_cat?post=2827"},{"taxonomy":"product_tag","embeddable":true,"href":"https:\/\/vinarijaburnum.hr\/en\/wp-json\/wp\/v2\/product_tag?post=2827"}],"curies":[{"name":"wp","href":"https:\/\/api.w.org\/{rel}","templated":true}]}}