{"id":2816,"date":"2022-04-28T15:35:10","date_gmt":"2022-04-28T13:35:10","guid":{"rendered":"https:\/\/vinarijaburnum.hr\/product\/vin-mousseux-rose\/"},"modified":"2022-04-28T15:35:10","modified_gmt":"2022-04-28T13:35:10","slug":"vin-mousseux-rose","status":"publish","type":"product","link":"https:\/\/vinarijaburnum.hr\/fr\/produit\/vin-mousseux-rose\/","title":{"rendered":"Vin mousseux ros\u00e9"},"content":{"rendered":"<p>Couleur saumon rose p\u00e2le \u00e9tincelante avec de petites bulles et un perlage persistant et riche.<br \/>\nAu nez, de nombreux ar\u00f4mes d&rsquo;agrumes, de cerise, de nectarine, de pomme rouge, de poire m\u00fbre et de prune jaune.<br \/>\nVin mousseux sec d&rsquo;une fra\u00eecheur douce avec des bulles extr\u00eamement agr\u00e9ables qui diffusent en bouche de riches saveurs de fruits jaunes &#8211; pomme, agrumes, zeste de citron, melon.<br \/>\nLisse, \u00e9l\u00e9gant, harmonieux et durable. Caract\u00e9ristiques dominantes : fruit\u00e9 et fra\u00eecheur.<\/p>\n<p><strong>Recommandations gastronomiques :<\/strong> en ap\u00e9ritif, p\u00e2tes et risotto aux fruits de mer, viande blanche, fromages \u00e0 p\u00e2te molle au go\u00fbt doux. Essayez-le avec du chocolat noir.<\/p>\n","protected":false},"excerpt":{"rendered":"<p><strong>Ann\u00e9e de r\u00e9colte :<\/strong> 2018.<br \/>\n<strong>Vari\u00e9t\u00e9 :<\/strong> Babi\u0107<br \/>\n<strong>Alk.&nbsp;:<\/strong> 11,9&nbsp;%<br \/>\n<strong>Volume :<\/strong> 0,75 l<br \/>\nVignoble <strong>\/position :<\/strong> Vignoble de Knin<br \/>\n<strong>Temp\u00e9rature de service :<\/strong> 6-8 \u00b0C<br \/>\n<strong>Production :<\/strong> 2000 bouteilles<\/p>\n","protected":false},"featured_media":2522,"comment_status":"open","ping_status":"closed","template":"","meta":[],"product_cat":[84],"product_tag":[],"class_list":{"0":"post-2816","1":"product","2":"type-product","3":"status-publish","4":"has-post-thumbnail","6":"product_cat-vin-petillant","8":"first","9":"instock","10":"taxable","11":"shipping-taxable","12":"purchasable","13":"product-type-simple"},"yoast_head":"<!-- This site is optimized with the Yoast SEO plugin v21.9.1 - https:\/\/yoast.com\/wordpress\/plugins\/seo\/ -->\n<title>Vin mousseux ros\u00e9 - Vinarija Burnum<\/title>\n<meta name=\"robots\" content=\"index, follow, max-snippet:-1, max-image-preview:large, max-video-preview:-1\" \/>\n<link rel=\"canonical\" href=\"https:\/\/vinarijaburnum.hr\/fr\/produit\/vin-mousseux-rose\/\" \/>\n<meta property=\"og:locale\" content=\"fr_FR\" \/>\n<meta property=\"og:type\" content=\"article\" \/>\n<meta property=\"og:title\" content=\"Vin mousseux ros\u00e9 - Vinarija Burnum\" \/>\n<meta property=\"og:description\" content=\"Ann\u00e9e de r\u00e9colte : 2018. Vari\u00e9t\u00e9 : Babi\u0107 Alk.&nbsp;: 11,9&nbsp;% Volume : 0,75 l Vignoble \/position : Vignoble de Knin Temp\u00e9rature de service : 6-8 \u00b0C Production : 2000 bouteilles\" \/>\n<meta property=\"og:url\" content=\"https:\/\/vinarijaburnum.hr\/fr\/produit\/vin-mousseux-rose\/\" \/>\n<meta property=\"og:site_name\" content=\"Vinarija Burnum\" \/>\n<meta property=\"article:publisher\" content=\"https:\/\/web.facebook.com\/Vinarija-Burnum-111560737163962\/\" \/>\n<meta property=\"og:image\" content=\"https:\/\/vinarijaburnum.hr\/wp-content\/uploads\/2022\/04\/Pjenus\u030cac-Burnum_webshop.png\" \/>\n\t<meta property=\"og:image:width\" content=\"1200\" \/>\n\t<meta property=\"og:image:height\" content=\"900\" \/>\n\t<meta property=\"og:image:type\" content=\"image\/png\" \/>\n<meta name=\"twitter:card\" content=\"summary_large_image\" \/>\n<meta name=\"twitter:label1\" content=\"Dur\u00e9e de lecture estim\u00e9e\" \/>\n\t<meta name=\"twitter:data1\" content=\"1 minute\" \/>\n<script type=\"application\/ld+json\" class=\"yoast-schema-graph\">{\"@context\":\"https:\/\/schema.org\",\"@graph\":[{\"@type\":\"WebPage\",\"@id\":\"https:\/\/vinarijaburnum.hr\/fr\/produit\/vin-mousseux-rose\/\",\"url\":\"https:\/\/vinarijaburnum.hr\/fr\/produit\/vin-mousseux-rose\/\",\"name\":\"Vin mousseux ros\u00e9 - Vinarija Burnum\",\"isPartOf\":{\"@id\":\"https:\/\/vinarijaburnum.hr\/#website\"},\"datePublished\":\"2022-04-28T13:35:10+00:00\",\"dateModified\":\"2022-04-28T13:35:10+00:00\",\"breadcrumb\":{\"@id\":\"https:\/\/vinarijaburnum.hr\/fr\/produit\/vin-mousseux-rose\/#breadcrumb\"},\"inLanguage\":\"fr-FR\",\"potentialAction\":[{\"@type\":\"ReadAction\",\"target\":[\"https:\/\/vinarijaburnum.hr\/fr\/produit\/vin-mousseux-rose\/\"]}]},{\"@type\":\"BreadcrumbList\",\"@id\":\"https:\/\/vinarijaburnum.hr\/fr\/produit\/vin-mousseux-rose\/#breadcrumb\",\"itemListElement\":[{\"@type\":\"ListItem\",\"position\":1,\"name\":\"Home\",\"item\":\"https:\/\/vinarijaburnum.hr\/fr\/titre\/\"},{\"@type\":\"ListItem\",\"position\":2,\"name\":\"Webshop\",\"item\":\"https:\/\/vinarijaburnum.hr\/webshop\/\"},{\"@type\":\"ListItem\",\"position\":3,\"name\":\"Vin mousseux ros\u00e9\"}]},{\"@type\":\"WebSite\",\"@id\":\"https:\/\/vinarijaburnum.hr\/#website\",\"url\":\"https:\/\/vinarijaburnum.hr\/\",\"name\":\"Vinarija Burnum\",\"description\":\"Vinarija Burnum\",\"publisher\":{\"@id\":\"https:\/\/vinarijaburnum.hr\/#organization\"},\"potentialAction\":[{\"@type\":\"SearchAction\",\"target\":{\"@type\":\"EntryPoint\",\"urlTemplate\":\"https:\/\/vinarijaburnum.hr\/?s={search_term_string}\"},\"query-input\":\"required name=search_term_string\"}],\"inLanguage\":\"fr-FR\"},{\"@type\":\"Organization\",\"@id\":\"https:\/\/vinarijaburnum.hr\/#organization\",\"name\":\"Vinarija Burnum\",\"url\":\"https:\/\/vinarijaburnum.hr\/\",\"logo\":{\"@type\":\"ImageObject\",\"inLanguage\":\"fr-FR\",\"@id\":\"https:\/\/vinarijaburnum.hr\/#\/schema\/logo\/image\/\",\"url\":\"https:\/\/vinarijaburnum.hr\/wp-content\/uploads\/2022\/03\/Burnum_LOGO_full.png\",\"contentUrl\":\"https:\/\/vinarijaburnum.hr\/wp-content\/uploads\/2022\/03\/Burnum_LOGO_full.png\",\"width\":725,\"height\":258,\"caption\":\"Vinarija Burnum\"},\"image\":{\"@id\":\"https:\/\/vinarijaburnum.hr\/#\/schema\/logo\/image\/\"},\"sameAs\":[\"https:\/\/web.facebook.com\/Vinarija-Burnum-111560737163962\/\"]}]}<\/script>\n<!-- \/ Yoast SEO plugin. -->","yoast_head_json":{"title":"Vin mousseux ros\u00e9 - Vinarija Burnum","robots":{"index":"index","follow":"follow","max-snippet":"max-snippet:-1","max-image-preview":"max-image-preview:large","max-video-preview":"max-video-preview:-1"},"canonical":"https:\/\/vinarijaburnum.hr\/fr\/produit\/vin-mousseux-rose\/","og_locale":"fr_FR","og_type":"article","og_title":"Vin mousseux ros\u00e9 - Vinarija Burnum","og_description":"Ann\u00e9e de r\u00e9colte : 2018. Vari\u00e9t\u00e9 : Babi\u0107 Alk.&nbsp;: 11,9&nbsp;% Volume : 0,75 l Vignoble \/position : Vignoble de Knin Temp\u00e9rature de service : 6-8 \u00b0C Production : 2000 bouteilles","og_url":"https:\/\/vinarijaburnum.hr\/fr\/produit\/vin-mousseux-rose\/","og_site_name":"Vinarija Burnum","article_publisher":"https:\/\/web.facebook.com\/Vinarija-Burnum-111560737163962\/","og_image":[{"width":1200,"height":900,"url":"https:\/\/vinarijaburnum.hr\/wp-content\/uploads\/2022\/04\/Pjenus\u030cac-Burnum_webshop.png","type":"image\/png"}],"twitter_card":"summary_large_image","twitter_misc":{"Dur\u00e9e de lecture estim\u00e9e":"1 minute"},"schema":{"@context":"https:\/\/schema.org","@graph":[{"@type":"WebPage","@id":"https:\/\/vinarijaburnum.hr\/fr\/produit\/vin-mousseux-rose\/","url":"https:\/\/vinarijaburnum.hr\/fr\/produit\/vin-mousseux-rose\/","name":"Vin mousseux ros\u00e9 - Vinarija Burnum","isPartOf":{"@id":"https:\/\/vinarijaburnum.hr\/#website"},"datePublished":"2022-04-28T13:35:10+00:00","dateModified":"2022-04-28T13:35:10+00:00","breadcrumb":{"@id":"https:\/\/vinarijaburnum.hr\/fr\/produit\/vin-mousseux-rose\/#breadcrumb"},"inLanguage":"fr-FR","potentialAction":[{"@type":"ReadAction","target":["https:\/\/vinarijaburnum.hr\/fr\/produit\/vin-mousseux-rose\/"]}]},{"@type":"BreadcrumbList","@id":"https:\/\/vinarijaburnum.hr\/fr\/produit\/vin-mousseux-rose\/#breadcrumb","itemListElement":[{"@type":"ListItem","position":1,"name":"Home","item":"https:\/\/vinarijaburnum.hr\/fr\/titre\/"},{"@type":"ListItem","position":2,"name":"Webshop","item":"https:\/\/vinarijaburnum.hr\/webshop\/"},{"@type":"ListItem","position":3,"name":"Vin mousseux ros\u00e9"}]},{"@type":"WebSite","@id":"https:\/\/vinarijaburnum.hr\/#website","url":"https:\/\/vinarijaburnum.hr\/","name":"Vinarija Burnum","description":"Vinarija Burnum","publisher":{"@id":"https:\/\/vinarijaburnum.hr\/#organization"},"potentialAction":[{"@type":"SearchAction","target":{"@type":"EntryPoint","urlTemplate":"https:\/\/vinarijaburnum.hr\/?s={search_term_string}"},"query-input":"required name=search_term_string"}],"inLanguage":"fr-FR"},{"@type":"Organization","@id":"https:\/\/vinarijaburnum.hr\/#organization","name":"Vinarija Burnum","url":"https:\/\/vinarijaburnum.hr\/","logo":{"@type":"ImageObject","inLanguage":"fr-FR","@id":"https:\/\/vinarijaburnum.hr\/#\/schema\/logo\/image\/","url":"https:\/\/vinarijaburnum.hr\/wp-content\/uploads\/2022\/03\/Burnum_LOGO_full.png","contentUrl":"https:\/\/vinarijaburnum.hr\/wp-content\/uploads\/2022\/03\/Burnum_LOGO_full.png","width":725,"height":258,"caption":"Vinarija Burnum"},"image":{"@id":"https:\/\/vinarijaburnum.hr\/#\/schema\/logo\/image\/"},"sameAs":["https:\/\/web.facebook.com\/Vinarija-Burnum-111560737163962\/"]}]}},"_links":{"self":[{"href":"https:\/\/vinarijaburnum.hr\/fr\/wp-json\/wp\/v2\/product\/2816","targetHints":{"allow":["GET"]}}],"collection":[{"href":"https:\/\/vinarijaburnum.hr\/fr\/wp-json\/wp\/v2\/product"}],"about":[{"href":"https:\/\/vinarijaburnum.hr\/fr\/wp-json\/wp\/v2\/types\/product"}],"replies":[{"embeddable":true,"href":"https:\/\/vinarijaburnum.hr\/fr\/wp-json\/wp\/v2\/comments?post=2816"}],"wp:featuredmedia":[{"embeddable":true,"href":"https:\/\/vinarijaburnum.hr\/fr\/wp-json\/wp\/v2\/media\/2522"}],"wp:attachment":[{"href":"https:\/\/vinarijaburnum.hr\/fr\/wp-json\/wp\/v2\/media?parent=2816"}],"wp:term":[{"taxonomy":"product_cat","embeddable":true,"href":"https:\/\/vinarijaburnum.hr\/fr\/wp-json\/wp\/v2\/product_cat?post=2816"},{"taxonomy":"product_tag","embeddable":true,"href":"https:\/\/vinarijaburnum.hr\/fr\/wp-json\/wp\/v2\/product_tag?post=2816"}],"curies":[{"name":"wp","href":"https:\/\/api.w.org\/{rel}","templated":true}]}}