{"id":2828,"date":"2022-04-28T15:25:25","date_gmt":"2022-04-28T13:25:25","guid":{"rendered":"https:\/\/vinarijaburnum.hr\/product\/cuvee-blanche\/"},"modified":"2022-04-28T15:25:25","modified_gmt":"2022-04-28T13:25:25","slug":"cuvee-burnum-blanc","status":"publish","type":"product","link":"https:\/\/vinarijaburnum.hr\/fr\/produit\/cuvee-burnum-blanc\/","title":{"rendered":"Cuv\u00e9e blanche"},"content":{"rendered":"<p>Vin cristallin de couleur jaune citron m\u00fbr.<br \/>\nLes riches ar\u00f4mes d&rsquo;agrumes, de pamplemousse, de prune ringlo espagnole, de pomme jaune, de poire et d&rsquo;herbes jaunes m\u00e9diterran\u00e9ennes submergent les sens.<br \/>\nLe vin est sec, avec une min\u00e9ralit\u00e9 et une fra\u00eecheur prononc\u00e9es.<br \/>\nEn bouche, de l&rsquo;herbe m\u00e9diterran\u00e9enne s\u00e8che, des fruits jaunes locaux, mais aussi du pamplemousse, de l&rsquo;ananas, de la vanille et du caramel l\u00e9ger.<br \/>\nUn vin riche et moyennement cors\u00e9 o\u00f9 fruit\u00e9, fra\u00eecheur et alcool se conjuguent dans un parfait \u00e9quilibre.<br \/>\n\u00ab\u00a0Arri\u00e8re-go\u00fbt\u00a0\u00bb fruit\u00e9 et persistant en bouche avec un peu d&rsquo;agr\u00e9able amertume de pamplemousse.<br \/>\nUn vin qui satisfera tous les go\u00fbts.<\/p>\n<p><strong>Recommandations gastronomiques :<\/strong> prosciutto, poissons, viandes blanches grill\u00e9es, plats de l\u00e9gumes r\u00f4tis et fromages affin\u00e9s.<\/p>\n","protected":false},"excerpt":{"rendered":"<p><strong>Ann\u00e9e de r\u00e9colte :<\/strong> 2019.<br \/>\n<strong>C\u00e9pages :<\/strong> Chardonnay, Viognier, Po\u0161ip, Mara\u0161tina<br \/>\n<strong>Alk.&nbsp;:<\/strong> 13,5&nbsp;%<br \/>\n<strong>Volume :<\/strong> 0,75 l<br \/>\nVignoble <strong>\/ position :<\/strong> Vignoble de Knin<br \/>\n <strong>Temp\u00e9rature de service :<\/strong> 8-10 \u00b0C<br \/>\n <strong>Production :<\/strong> 3400 bouteilles<strong><br \/>\n<\/strong><\/p>\n<p><strong>Elevage en f\u00fbts de ch\u00eane pendant 2 ans.<\/strong><\/p>\n","protected":false},"featured_media":2518,"comment_status":"open","ping_status":"closed","template":"","meta":[],"product_cat":[87],"product_tag":[],"class_list":{"0":"post-2828","1":"product","2":"type-product","3":"status-publish","4":"has-post-thumbnail","6":"product_cat-vins","8":"first","9":"instock","10":"taxable","11":"shipping-taxable","12":"purchasable","13":"product-type-simple"},"yoast_head":"<!-- This site is optimized with the Yoast SEO plugin v21.9.1 - https:\/\/yoast.com\/wordpress\/plugins\/seo\/ -->\n<title>Cuv\u00e9e blanche - Vinarija Burnum<\/title>\n<meta name=\"robots\" content=\"index, follow, max-snippet:-1, max-image-preview:large, max-video-preview:-1\" \/>\n<link rel=\"canonical\" href=\"https:\/\/vinarijaburnum.hr\/fr\/produit\/cuvee-burnum-blanc\/\" \/>\n<meta property=\"og:locale\" content=\"fr_FR\" \/>\n<meta property=\"og:type\" content=\"article\" \/>\n<meta property=\"og:title\" content=\"Cuv\u00e9e blanche - Vinarija Burnum\" \/>\n<meta property=\"og:description\" content=\"Ann\u00e9e de r\u00e9colte : 2019. C\u00e9pages : Chardonnay, Viognier, Po\u0161ip, Mara\u0161tina Alk.&nbsp;: 13,5&nbsp;% Volume : 0,75 l Vignoble \/ position : Vignoble de Knin Temp\u00e9rature de service : 8-10 \u00b0C Production : 3400 bouteilles  Elevage en f\u00fbts de ch\u00eane pendant 2 ans.\" \/>\n<meta property=\"og:url\" content=\"https:\/\/vinarijaburnum.hr\/fr\/produit\/cuvee-burnum-blanc\/\" \/>\n<meta property=\"og:site_name\" content=\"Vinarija Burnum\" \/>\n<meta property=\"article:publisher\" content=\"https:\/\/web.facebook.com\/Vinarija-Burnum-111560737163962\/\" \/>\n<meta property=\"og:image\" content=\"https:\/\/vinarijaburnum.hr\/wp-content\/uploads\/2022\/04\/Bijeli-Cuvee-Burnum_webshop.png\" \/>\n\t<meta property=\"og:image:width\" content=\"1200\" \/>\n\t<meta property=\"og:image:height\" content=\"900\" \/>\n\t<meta property=\"og:image:type\" content=\"image\/png\" \/>\n<meta name=\"twitter:card\" content=\"summary_large_image\" \/>\n<meta name=\"twitter:label1\" content=\"Dur\u00e9e de lecture estim\u00e9e\" \/>\n\t<meta name=\"twitter:data1\" content=\"1 minute\" \/>\n<script type=\"application\/ld+json\" class=\"yoast-schema-graph\">{\"@context\":\"https:\/\/schema.org\",\"@graph\":[{\"@type\":\"WebPage\",\"@id\":\"https:\/\/vinarijaburnum.hr\/fr\/produit\/cuvee-burnum-blanc\/\",\"url\":\"https:\/\/vinarijaburnum.hr\/fr\/produit\/cuvee-burnum-blanc\/\",\"name\":\"Cuv\u00e9e blanche - Vinarija Burnum\",\"isPartOf\":{\"@id\":\"https:\/\/vinarijaburnum.hr\/#website\"},\"datePublished\":\"2022-04-28T13:25:25+00:00\",\"dateModified\":\"2022-04-28T13:25:25+00:00\",\"breadcrumb\":{\"@id\":\"https:\/\/vinarijaburnum.hr\/fr\/produit\/cuvee-burnum-blanc\/#breadcrumb\"},\"inLanguage\":\"fr-FR\",\"potentialAction\":[{\"@type\":\"ReadAction\",\"target\":[\"https:\/\/vinarijaburnum.hr\/fr\/produit\/cuvee-burnum-blanc\/\"]}]},{\"@type\":\"BreadcrumbList\",\"@id\":\"https:\/\/vinarijaburnum.hr\/fr\/produit\/cuvee-burnum-blanc\/#breadcrumb\",\"itemListElement\":[{\"@type\":\"ListItem\",\"position\":1,\"name\":\"Home\",\"item\":\"https:\/\/vinarijaburnum.hr\/fr\/titre\/\"},{\"@type\":\"ListItem\",\"position\":2,\"name\":\"Webshop\",\"item\":\"https:\/\/vinarijaburnum.hr\/webshop\/\"},{\"@type\":\"ListItem\",\"position\":3,\"name\":\"Cuv\u00e9e blanche\"}]},{\"@type\":\"WebSite\",\"@id\":\"https:\/\/vinarijaburnum.hr\/#website\",\"url\":\"https:\/\/vinarijaburnum.hr\/\",\"name\":\"Vinarija Burnum\",\"description\":\"Vinarija Burnum\",\"publisher\":{\"@id\":\"https:\/\/vinarijaburnum.hr\/#organization\"},\"potentialAction\":[{\"@type\":\"SearchAction\",\"target\":{\"@type\":\"EntryPoint\",\"urlTemplate\":\"https:\/\/vinarijaburnum.hr\/?s={search_term_string}\"},\"query-input\":\"required name=search_term_string\"}],\"inLanguage\":\"fr-FR\"},{\"@type\":\"Organization\",\"@id\":\"https:\/\/vinarijaburnum.hr\/#organization\",\"name\":\"Vinarija Burnum\",\"url\":\"https:\/\/vinarijaburnum.hr\/\",\"logo\":{\"@type\":\"ImageObject\",\"inLanguage\":\"fr-FR\",\"@id\":\"https:\/\/vinarijaburnum.hr\/#\/schema\/logo\/image\/\",\"url\":\"https:\/\/vinarijaburnum.hr\/wp-content\/uploads\/2022\/03\/Burnum_LOGO_full.png\",\"contentUrl\":\"https:\/\/vinarijaburnum.hr\/wp-content\/uploads\/2022\/03\/Burnum_LOGO_full.png\",\"width\":725,\"height\":258,\"caption\":\"Vinarija Burnum\"},\"image\":{\"@id\":\"https:\/\/vinarijaburnum.hr\/#\/schema\/logo\/image\/\"},\"sameAs\":[\"https:\/\/web.facebook.com\/Vinarija-Burnum-111560737163962\/\"]}]}<\/script>\n<!-- \/ Yoast SEO plugin. -->","yoast_head_json":{"title":"Cuv\u00e9e blanche - Vinarija Burnum","robots":{"index":"index","follow":"follow","max-snippet":"max-snippet:-1","max-image-preview":"max-image-preview:large","max-video-preview":"max-video-preview:-1"},"canonical":"https:\/\/vinarijaburnum.hr\/fr\/produit\/cuvee-burnum-blanc\/","og_locale":"fr_FR","og_type":"article","og_title":"Cuv\u00e9e blanche - Vinarija Burnum","og_description":"Ann\u00e9e de r\u00e9colte : 2019. C\u00e9pages : Chardonnay, Viognier, Po\u0161ip, Mara\u0161tina Alk.&nbsp;: 13,5&nbsp;% Volume : 0,75 l Vignoble \/ position : Vignoble de Knin Temp\u00e9rature de service : 8-10 \u00b0C Production : 3400 bouteilles  Elevage en f\u00fbts de ch\u00eane pendant 2 ans.","og_url":"https:\/\/vinarijaburnum.hr\/fr\/produit\/cuvee-burnum-blanc\/","og_site_name":"Vinarija Burnum","article_publisher":"https:\/\/web.facebook.com\/Vinarija-Burnum-111560737163962\/","og_image":[{"width":1200,"height":900,"url":"https:\/\/vinarijaburnum.hr\/wp-content\/uploads\/2022\/04\/Bijeli-Cuvee-Burnum_webshop.png","type":"image\/png"}],"twitter_card":"summary_large_image","twitter_misc":{"Dur\u00e9e de lecture estim\u00e9e":"1 minute"},"schema":{"@context":"https:\/\/schema.org","@graph":[{"@type":"WebPage","@id":"https:\/\/vinarijaburnum.hr\/fr\/produit\/cuvee-burnum-blanc\/","url":"https:\/\/vinarijaburnum.hr\/fr\/produit\/cuvee-burnum-blanc\/","name":"Cuv\u00e9e blanche - Vinarija Burnum","isPartOf":{"@id":"https:\/\/vinarijaburnum.hr\/#website"},"datePublished":"2022-04-28T13:25:25+00:00","dateModified":"2022-04-28T13:25:25+00:00","breadcrumb":{"@id":"https:\/\/vinarijaburnum.hr\/fr\/produit\/cuvee-burnum-blanc\/#breadcrumb"},"inLanguage":"fr-FR","potentialAction":[{"@type":"ReadAction","target":["https:\/\/vinarijaburnum.hr\/fr\/produit\/cuvee-burnum-blanc\/"]}]},{"@type":"BreadcrumbList","@id":"https:\/\/vinarijaburnum.hr\/fr\/produit\/cuvee-burnum-blanc\/#breadcrumb","itemListElement":[{"@type":"ListItem","position":1,"name":"Home","item":"https:\/\/vinarijaburnum.hr\/fr\/titre\/"},{"@type":"ListItem","position":2,"name":"Webshop","item":"https:\/\/vinarijaburnum.hr\/webshop\/"},{"@type":"ListItem","position":3,"name":"Cuv\u00e9e blanche"}]},{"@type":"WebSite","@id":"https:\/\/vinarijaburnum.hr\/#website","url":"https:\/\/vinarijaburnum.hr\/","name":"Vinarija Burnum","description":"Vinarija Burnum","publisher":{"@id":"https:\/\/vinarijaburnum.hr\/#organization"},"potentialAction":[{"@type":"SearchAction","target":{"@type":"EntryPoint","urlTemplate":"https:\/\/vinarijaburnum.hr\/?s={search_term_string}"},"query-input":"required name=search_term_string"}],"inLanguage":"fr-FR"},{"@type":"Organization","@id":"https:\/\/vinarijaburnum.hr\/#organization","name":"Vinarija Burnum","url":"https:\/\/vinarijaburnum.hr\/","logo":{"@type":"ImageObject","inLanguage":"fr-FR","@id":"https:\/\/vinarijaburnum.hr\/#\/schema\/logo\/image\/","url":"https:\/\/vinarijaburnum.hr\/wp-content\/uploads\/2022\/03\/Burnum_LOGO_full.png","contentUrl":"https:\/\/vinarijaburnum.hr\/wp-content\/uploads\/2022\/03\/Burnum_LOGO_full.png","width":725,"height":258,"caption":"Vinarija Burnum"},"image":{"@id":"https:\/\/vinarijaburnum.hr\/#\/schema\/logo\/image\/"},"sameAs":["https:\/\/web.facebook.com\/Vinarija-Burnum-111560737163962\/"]}]}},"_links":{"self":[{"href":"https:\/\/vinarijaburnum.hr\/fr\/wp-json\/wp\/v2\/product\/2828","targetHints":{"allow":["GET"]}}],"collection":[{"href":"https:\/\/vinarijaburnum.hr\/fr\/wp-json\/wp\/v2\/product"}],"about":[{"href":"https:\/\/vinarijaburnum.hr\/fr\/wp-json\/wp\/v2\/types\/product"}],"replies":[{"embeddable":true,"href":"https:\/\/vinarijaburnum.hr\/fr\/wp-json\/wp\/v2\/comments?post=2828"}],"wp:featuredmedia":[{"embeddable":true,"href":"https:\/\/vinarijaburnum.hr\/fr\/wp-json\/wp\/v2\/media\/2518"}],"wp:attachment":[{"href":"https:\/\/vinarijaburnum.hr\/fr\/wp-json\/wp\/v2\/media?parent=2828"}],"wp:term":[{"taxonomy":"product_cat","embeddable":true,"href":"https:\/\/vinarijaburnum.hr\/fr\/wp-json\/wp\/v2\/product_cat?post=2828"},{"taxonomy":"product_tag","embeddable":true,"href":"https:\/\/vinarijaburnum.hr\/fr\/wp-json\/wp\/v2\/product_tag?post=2828"}],"curies":[{"name":"wp","href":"https:\/\/api.w.org\/{rel}","templated":true}]}}