{"id":2831,"date":"2022-04-28T15:10:17","date_gmt":"2022-04-28T13:10:17","guid":{"rendered":"https:\/\/vinarijaburnum.hr\/product\/cuvee-rouge\/"},"modified":"2024-11-27T11:08:08","modified_gmt":"2024-11-27T10:08:08","slug":"black-cuvee-burnum","status":"publish","type":"product","link":"https:\/\/vinarijaburnum.hr\/fr\/produit\/black-cuvee-burnum\/","title":{"rendered":"Cuv\u00e9e Rouge (2018)"},"content":{"rendered":"<p>Un vin riche et dense avec une couleur rouge rubis profond.<br \/>\nUne belle palette d&rsquo;ar\u00f4mes au nez : myrtille surm\u00fbrie, griotte, m\u00fbre m\u00fbre, pruneaux, r\u00e9glisse, griotte au chocolat noir, vanille, caramel, notes de cuir et de poivre.<br \/>\nUn vin sec, avec un corps plein et des tanins m\u00fbrs et finement arrondis. Excellent \u00e9quilibre entre alcool et fra\u00eecheur.<br \/>\nEn bouche, une explosion d&rsquo;ar\u00f4mes de petits fruits noirs, suivis de notes tertiaires de r\u00e9glisse, de vanille et de chocolat. Le vin se caract\u00e9rise par la richesse, la s\u00e9duction et l&rsquo;harmonie.<br \/>\nLongue dur\u00e9e avec une fra\u00eecheur distincte, des tanins souples et un fruit\u00e9 m\u00fbr. Un vin dans lequel le facteur humain, une tradition mill\u00e9naire et la merveilleuse nature de la r\u00e9gion de Knin se conjuguent de mani\u00e8re unique.<\/p>\n<p><strong>Recommandations gastronomiques :<\/strong> tous les plats de viandes rouges et brunes.<\/p>\n","protected":false},"excerpt":{"rendered":"<p><strong>Ann\u00e9e de r\u00e9colte :<\/strong> 2018.<br \/>\n<strong>C\u00e9pages :<\/strong> merlot, cabernet sauvignon, babi\u0107, cabernet franc<br \/>\n<strong>Alcool :<\/strong> 14 %<br \/>\n<strong>Volume :<\/strong> 0,75 l<br \/>\nVignoble <strong>\/position :<\/strong> Vignoble de Knin<br \/>\n<strong>Temp\u00e9rature de service :<\/strong> 16 \u00b0C<br \/>\n<strong>Production :<\/strong> 3400 bouteilles<\/p>\n<p><strong>Elevage en f\u00fbts de ch\u00eane pendant 2 ans.<\/strong><\/p>\n","protected":false},"featured_media":2520,"comment_status":"open","ping_status":"closed","template":"","meta":[],"product_cat":[90],"product_tag":[],"class_list":{"0":"post-2831","1":"product","2":"type-product","3":"status-publish","4":"has-post-thumbnail","6":"product_cat-vins-rouges","8":"first","9":"instock","10":"taxable","11":"shipping-taxable","12":"purchasable","13":"product-type-simple"},"yoast_head":"<!-- This site is optimized with the Yoast SEO plugin v21.9.1 - https:\/\/yoast.com\/wordpress\/plugins\/seo\/ -->\n<title>Cuv\u00e9e Rouge (2018) - Vinarija Burnum<\/title>\n<meta name=\"robots\" content=\"index, follow, max-snippet:-1, max-image-preview:large, max-video-preview:-1\" \/>\n<link rel=\"canonical\" href=\"https:\/\/vinarijaburnum.hr\/fr\/produit\/black-cuvee-burnum\/\" \/>\n<meta property=\"og:locale\" content=\"fr_FR\" \/>\n<meta property=\"og:type\" content=\"article\" \/>\n<meta property=\"og:title\" content=\"Cuv\u00e9e Rouge (2018) - Vinarija Burnum\" \/>\n<meta property=\"og:description\" content=\"Ann\u00e9e de r\u00e9colte : 2018. C\u00e9pages : merlot, cabernet sauvignon, babi\u0107, cabernet franc Alcool : 14 % Volume : 0,75 l Vignoble \/position : Vignoble de Knin Temp\u00e9rature de service : 16 \u00b0C Production : 3400 bouteilles  Elevage en f\u00fbts de ch\u00eane pendant 2 ans.\" \/>\n<meta property=\"og:url\" content=\"https:\/\/vinarijaburnum.hr\/fr\/produit\/black-cuvee-burnum\/\" \/>\n<meta property=\"og:site_name\" content=\"Vinarija Burnum\" \/>\n<meta property=\"article:publisher\" content=\"https:\/\/web.facebook.com\/Vinarija-Burnum-111560737163962\/\" \/>\n<meta property=\"article:modified_time\" content=\"2024-11-27T10:08:08+00:00\" \/>\n<meta property=\"og:image\" content=\"https:\/\/vinarijaburnum.hr\/wp-content\/uploads\/2022\/04\/Crni-Cuvee-Burnum_webshop.png\" \/>\n\t<meta property=\"og:image:width\" content=\"1200\" \/>\n\t<meta property=\"og:image:height\" content=\"900\" \/>\n\t<meta property=\"og:image:type\" content=\"image\/png\" \/>\n<meta name=\"twitter:card\" content=\"summary_large_image\" \/>\n<meta name=\"twitter:label1\" content=\"Dur\u00e9e de lecture estim\u00e9e\" \/>\n\t<meta name=\"twitter:data1\" content=\"1 minute\" \/>\n<script type=\"application\/ld+json\" class=\"yoast-schema-graph\">{\"@context\":\"https:\/\/schema.org\",\"@graph\":[{\"@type\":\"WebPage\",\"@id\":\"https:\/\/vinarijaburnum.hr\/fr\/produit\/black-cuvee-burnum\/\",\"url\":\"https:\/\/vinarijaburnum.hr\/fr\/produit\/black-cuvee-burnum\/\",\"name\":\"Cuv\u00e9e Rouge (2018) - Vinarija Burnum\",\"isPartOf\":{\"@id\":\"https:\/\/vinarijaburnum.hr\/#website\"},\"datePublished\":\"2022-04-28T13:10:17+00:00\",\"dateModified\":\"2024-11-27T10:08:08+00:00\",\"breadcrumb\":{\"@id\":\"https:\/\/vinarijaburnum.hr\/fr\/produit\/black-cuvee-burnum\/#breadcrumb\"},\"inLanguage\":\"fr-FR\",\"potentialAction\":[{\"@type\":\"ReadAction\",\"target\":[\"https:\/\/vinarijaburnum.hr\/fr\/produit\/black-cuvee-burnum\/\"]}]},{\"@type\":\"BreadcrumbList\",\"@id\":\"https:\/\/vinarijaburnum.hr\/fr\/produit\/black-cuvee-burnum\/#breadcrumb\",\"itemListElement\":[{\"@type\":\"ListItem\",\"position\":1,\"name\":\"Home\",\"item\":\"https:\/\/vinarijaburnum.hr\/fr\/titre\/\"},{\"@type\":\"ListItem\",\"position\":2,\"name\":\"Webshop\",\"item\":\"https:\/\/vinarijaburnum.hr\/webshop\/\"},{\"@type\":\"ListItem\",\"position\":3,\"name\":\"Cuv\u00e9e Rouge (2018)\"}]},{\"@type\":\"WebSite\",\"@id\":\"https:\/\/vinarijaburnum.hr\/#website\",\"url\":\"https:\/\/vinarijaburnum.hr\/\",\"name\":\"Vinarija Burnum\",\"description\":\"Vinarija Burnum\",\"publisher\":{\"@id\":\"https:\/\/vinarijaburnum.hr\/#organization\"},\"potentialAction\":[{\"@type\":\"SearchAction\",\"target\":{\"@type\":\"EntryPoint\",\"urlTemplate\":\"https:\/\/vinarijaburnum.hr\/?s={search_term_string}\"},\"query-input\":\"required name=search_term_string\"}],\"inLanguage\":\"fr-FR\"},{\"@type\":\"Organization\",\"@id\":\"https:\/\/vinarijaburnum.hr\/#organization\",\"name\":\"Vinarija Burnum\",\"url\":\"https:\/\/vinarijaburnum.hr\/\",\"logo\":{\"@type\":\"ImageObject\",\"inLanguage\":\"fr-FR\",\"@id\":\"https:\/\/vinarijaburnum.hr\/#\/schema\/logo\/image\/\",\"url\":\"https:\/\/vinarijaburnum.hr\/wp-content\/uploads\/2022\/03\/Burnum_LOGO_full.png\",\"contentUrl\":\"https:\/\/vinarijaburnum.hr\/wp-content\/uploads\/2022\/03\/Burnum_LOGO_full.png\",\"width\":725,\"height\":258,\"caption\":\"Vinarija Burnum\"},\"image\":{\"@id\":\"https:\/\/vinarijaburnum.hr\/#\/schema\/logo\/image\/\"},\"sameAs\":[\"https:\/\/web.facebook.com\/Vinarija-Burnum-111560737163962\/\"]}]}<\/script>\n<!-- \/ Yoast SEO plugin. -->","yoast_head_json":{"title":"Cuv\u00e9e Rouge (2018) - Vinarija Burnum","robots":{"index":"index","follow":"follow","max-snippet":"max-snippet:-1","max-image-preview":"max-image-preview:large","max-video-preview":"max-video-preview:-1"},"canonical":"https:\/\/vinarijaburnum.hr\/fr\/produit\/black-cuvee-burnum\/","og_locale":"fr_FR","og_type":"article","og_title":"Cuv\u00e9e Rouge (2018) - Vinarija Burnum","og_description":"Ann\u00e9e de r\u00e9colte : 2018. C\u00e9pages : merlot, cabernet sauvignon, babi\u0107, cabernet franc Alcool : 14 % Volume : 0,75 l Vignoble \/position : Vignoble de Knin Temp\u00e9rature de service : 16 \u00b0C Production : 3400 bouteilles  Elevage en f\u00fbts de ch\u00eane pendant 2 ans.","og_url":"https:\/\/vinarijaburnum.hr\/fr\/produit\/black-cuvee-burnum\/","og_site_name":"Vinarija Burnum","article_publisher":"https:\/\/web.facebook.com\/Vinarija-Burnum-111560737163962\/","article_modified_time":"2024-11-27T10:08:08+00:00","og_image":[{"width":1200,"height":900,"url":"https:\/\/vinarijaburnum.hr\/wp-content\/uploads\/2022\/04\/Crni-Cuvee-Burnum_webshop.png","type":"image\/png"}],"twitter_card":"summary_large_image","twitter_misc":{"Dur\u00e9e de lecture estim\u00e9e":"1 minute"},"schema":{"@context":"https:\/\/schema.org","@graph":[{"@type":"WebPage","@id":"https:\/\/vinarijaburnum.hr\/fr\/produit\/black-cuvee-burnum\/","url":"https:\/\/vinarijaburnum.hr\/fr\/produit\/black-cuvee-burnum\/","name":"Cuv\u00e9e Rouge (2018) - Vinarija Burnum","isPartOf":{"@id":"https:\/\/vinarijaburnum.hr\/#website"},"datePublished":"2022-04-28T13:10:17+00:00","dateModified":"2024-11-27T10:08:08+00:00","breadcrumb":{"@id":"https:\/\/vinarijaburnum.hr\/fr\/produit\/black-cuvee-burnum\/#breadcrumb"},"inLanguage":"fr-FR","potentialAction":[{"@type":"ReadAction","target":["https:\/\/vinarijaburnum.hr\/fr\/produit\/black-cuvee-burnum\/"]}]},{"@type":"BreadcrumbList","@id":"https:\/\/vinarijaburnum.hr\/fr\/produit\/black-cuvee-burnum\/#breadcrumb","itemListElement":[{"@type":"ListItem","position":1,"name":"Home","item":"https:\/\/vinarijaburnum.hr\/fr\/titre\/"},{"@type":"ListItem","position":2,"name":"Webshop","item":"https:\/\/vinarijaburnum.hr\/webshop\/"},{"@type":"ListItem","position":3,"name":"Cuv\u00e9e Rouge (2018)"}]},{"@type":"WebSite","@id":"https:\/\/vinarijaburnum.hr\/#website","url":"https:\/\/vinarijaburnum.hr\/","name":"Vinarija Burnum","description":"Vinarija Burnum","publisher":{"@id":"https:\/\/vinarijaburnum.hr\/#organization"},"potentialAction":[{"@type":"SearchAction","target":{"@type":"EntryPoint","urlTemplate":"https:\/\/vinarijaburnum.hr\/?s={search_term_string}"},"query-input":"required name=search_term_string"}],"inLanguage":"fr-FR"},{"@type":"Organization","@id":"https:\/\/vinarijaburnum.hr\/#organization","name":"Vinarija Burnum","url":"https:\/\/vinarijaburnum.hr\/","logo":{"@type":"ImageObject","inLanguage":"fr-FR","@id":"https:\/\/vinarijaburnum.hr\/#\/schema\/logo\/image\/","url":"https:\/\/vinarijaburnum.hr\/wp-content\/uploads\/2022\/03\/Burnum_LOGO_full.png","contentUrl":"https:\/\/vinarijaburnum.hr\/wp-content\/uploads\/2022\/03\/Burnum_LOGO_full.png","width":725,"height":258,"caption":"Vinarija Burnum"},"image":{"@id":"https:\/\/vinarijaburnum.hr\/#\/schema\/logo\/image\/"},"sameAs":["https:\/\/web.facebook.com\/Vinarija-Burnum-111560737163962\/"]}]}},"_links":{"self":[{"href":"https:\/\/vinarijaburnum.hr\/fr\/wp-json\/wp\/v2\/product\/2831","targetHints":{"allow":["GET"]}}],"collection":[{"href":"https:\/\/vinarijaburnum.hr\/fr\/wp-json\/wp\/v2\/product"}],"about":[{"href":"https:\/\/vinarijaburnum.hr\/fr\/wp-json\/wp\/v2\/types\/product"}],"replies":[{"embeddable":true,"href":"https:\/\/vinarijaburnum.hr\/fr\/wp-json\/wp\/v2\/comments?post=2831"}],"wp:featuredmedia":[{"embeddable":true,"href":"https:\/\/vinarijaburnum.hr\/fr\/wp-json\/wp\/v2\/media\/2520"}],"wp:attachment":[{"href":"https:\/\/vinarijaburnum.hr\/fr\/wp-json\/wp\/v2\/media?parent=2831"}],"wp:term":[{"taxonomy":"product_cat","embeddable":true,"href":"https:\/\/vinarijaburnum.hr\/fr\/wp-json\/wp\/v2\/product_cat?post=2831"},{"taxonomy":"product_tag","embeddable":true,"href":"https:\/\/vinarijaburnum.hr\/fr\/wp-json\/wp\/v2\/product_tag?post=2831"}],"curies":[{"name":"wp","href":"https:\/\/api.w.org\/{rel}","templated":true}]}}