{"id":2829,"date":"2022-04-28T15:25:25","date_gmt":"2022-04-28T13:25:25","guid":{"rendered":"https:\/\/vinarijaburnum.hr\/product\/cuvee-bianca\/"},"modified":"2022-04-28T15:25:25","modified_gmt":"2022-04-28T13:25:25","slug":"bianco-cuvee-burnum","status":"publish","type":"product","link":"https:\/\/vinarijaburnum.hr\/it\/prodotto\/bianco-cuvee-burnum\/","title":{"rendered":"Cuv\u00e9e bianca"},"content":{"rendered":"<p>Vino cristallino dal colore giallo limone maturo.<br \/>\nI ricchi aromi di agrumi, pompelmo, susina ringlo spagnola, mela gialla, pera ed erbe gialle mediterranee travolgono i sensi.<br \/>\nIl vino \u00e8 secco, di spiccata mineralit\u00e0 e freschezza.<br \/>\nIn bocca erba secca mediterranea, frutta gialla locale, ma anche pompelmo, ananas, vaniglia e caramello leggero.<br \/>\nUn vino ricco e di medio corpo in cui fruttato, freschezza e alcol si fondono in un perfetto equilibrio.<br \/>\nAl palato &#8220;retrogusto&#8221; fruttato e persistente con un po&#8217; di piacevole amarezza al pompelmo.<br \/>\nUn vino che soddisfer\u00e0 tutti i gusti.<\/p>\n<p><strong>Consigli gastronomici:<\/strong> prosciutto, pesce, carni bianche alla griglia, piatti di verdure arrosto e formaggi stagionati.<\/p>\n","protected":false},"excerpt":{"rendered":"<p><strong>Anno di vendemmia:<\/strong> 2019.<br \/>\n<strong>Vitigni:<\/strong> Chardonnay, Viognier, Po\u0161ip, Mara\u0161tina<br \/>\n<strong>Alc.:<\/strong> 13,5 %<br \/>\n<strong>Volume:<\/strong> 0,75 l<br \/>\nVigneto <strong>\/posizione:<\/strong> Vigneto di Knin<br \/>\n <strong>Temperatura di servizio:<\/strong> 8-10 \u00b0C<br \/>\n <strong>Produzione:<\/strong> 3400 bottiglie<strong><br \/>\n<\/strong><\/p>\n<p><strong>Maturato in botti di rovere per 2 anni.<\/strong><\/p>\n","protected":false},"featured_media":2519,"comment_status":"open","ping_status":"closed","template":"","meta":[],"product_cat":[88],"product_tag":[],"class_list":{"0":"post-2829","1":"product","2":"type-product","3":"status-publish","4":"has-post-thumbnail","6":"product_cat-vini","8":"first","9":"instock","10":"taxable","11":"shipping-taxable","12":"purchasable","13":"product-type-simple"},"yoast_head":"<!-- This site is optimized with the Yoast SEO plugin v21.9.1 - https:\/\/yoast.com\/wordpress\/plugins\/seo\/ -->\n<title>Cuv\u00e9e bianca - Vinarija Burnum<\/title>\n<meta name=\"robots\" content=\"index, follow, max-snippet:-1, max-image-preview:large, max-video-preview:-1\" \/>\n<link rel=\"canonical\" href=\"https:\/\/vinarijaburnum.hr\/it\/prodotto\/bianco-cuvee-burnum\/\" \/>\n<meta property=\"og:locale\" content=\"it_IT\" \/>\n<meta property=\"og:type\" content=\"article\" \/>\n<meta property=\"og:title\" content=\"Cuv\u00e9e bianca - Vinarija Burnum\" \/>\n<meta property=\"og:description\" content=\"Anno di vendemmia: 2019. Vitigni: Chardonnay, Viognier, Po\u0161ip, Mara\u0161tina Alc.: 13,5 % Volume: 0,75 l Vigneto \/posizione: Vigneto di Knin Temperatura di servizio: 8-10 \u00b0C Produzione: 3400 bottiglie  Maturato in botti di rovere per 2 anni.\" \/>\n<meta property=\"og:url\" content=\"https:\/\/vinarijaburnum.hr\/it\/prodotto\/bianco-cuvee-burnum\/\" \/>\n<meta property=\"og:site_name\" content=\"Vinarija Burnum\" \/>\n<meta property=\"article:publisher\" content=\"https:\/\/web.facebook.com\/Vinarija-Burnum-111560737163962\/\" \/>\n<meta property=\"og:image\" content=\"https:\/\/vinarijaburnum.hr\/wp-content\/uploads\/2022\/04\/Bijeli-Cuvee-Burnum_webshop.png\" \/>\n\t<meta property=\"og:image:width\" content=\"1200\" \/>\n\t<meta property=\"og:image:height\" content=\"900\" \/>\n\t<meta property=\"og:image:type\" content=\"image\/png\" \/>\n<meta name=\"twitter:card\" content=\"summary_large_image\" \/>\n<meta name=\"twitter:label1\" content=\"Tempo di lettura stimato\" \/>\n\t<meta name=\"twitter:data1\" content=\"1 minuto\" \/>\n<script type=\"application\/ld+json\" class=\"yoast-schema-graph\">{\"@context\":\"https:\/\/schema.org\",\"@graph\":[{\"@type\":\"WebPage\",\"@id\":\"https:\/\/vinarijaburnum.hr\/it\/prodotto\/bianco-cuvee-burnum\/\",\"url\":\"https:\/\/vinarijaburnum.hr\/it\/prodotto\/bianco-cuvee-burnum\/\",\"name\":\"Cuv\u00e9e bianca - Vinarija Burnum\",\"isPartOf\":{\"@id\":\"https:\/\/vinarijaburnum.hr\/#website\"},\"datePublished\":\"2022-04-28T13:25:25+00:00\",\"dateModified\":\"2022-04-28T13:25:25+00:00\",\"breadcrumb\":{\"@id\":\"https:\/\/vinarijaburnum.hr\/it\/prodotto\/bianco-cuvee-burnum\/#breadcrumb\"},\"inLanguage\":\"it-IT\",\"potentialAction\":[{\"@type\":\"ReadAction\",\"target\":[\"https:\/\/vinarijaburnum.hr\/it\/prodotto\/bianco-cuvee-burnum\/\"]}]},{\"@type\":\"BreadcrumbList\",\"@id\":\"https:\/\/vinarijaburnum.hr\/it\/prodotto\/bianco-cuvee-burnum\/#breadcrumb\",\"itemListElement\":[{\"@type\":\"ListItem\",\"position\":1,\"name\":\"Home\",\"item\":\"https:\/\/vinarijaburnum.hr\/it\/titolo\/\"},{\"@type\":\"ListItem\",\"position\":2,\"name\":\"Webshop\",\"item\":\"https:\/\/vinarijaburnum.hr\/webshop\/\"},{\"@type\":\"ListItem\",\"position\":3,\"name\":\"Cuv\u00e9e bianca\"}]},{\"@type\":\"WebSite\",\"@id\":\"https:\/\/vinarijaburnum.hr\/#website\",\"url\":\"https:\/\/vinarijaburnum.hr\/\",\"name\":\"Vinarija Burnum\",\"description\":\"Vinarija Burnum\",\"publisher\":{\"@id\":\"https:\/\/vinarijaburnum.hr\/#organization\"},\"potentialAction\":[{\"@type\":\"SearchAction\",\"target\":{\"@type\":\"EntryPoint\",\"urlTemplate\":\"https:\/\/vinarijaburnum.hr\/?s={search_term_string}\"},\"query-input\":\"required name=search_term_string\"}],\"inLanguage\":\"it-IT\"},{\"@type\":\"Organization\",\"@id\":\"https:\/\/vinarijaburnum.hr\/#organization\",\"name\":\"Vinarija Burnum\",\"url\":\"https:\/\/vinarijaburnum.hr\/\",\"logo\":{\"@type\":\"ImageObject\",\"inLanguage\":\"it-IT\",\"@id\":\"https:\/\/vinarijaburnum.hr\/#\/schema\/logo\/image\/\",\"url\":\"https:\/\/vinarijaburnum.hr\/wp-content\/uploads\/2022\/03\/Burnum_LOGO_full.png\",\"contentUrl\":\"https:\/\/vinarijaburnum.hr\/wp-content\/uploads\/2022\/03\/Burnum_LOGO_full.png\",\"width\":725,\"height\":258,\"caption\":\"Vinarija Burnum\"},\"image\":{\"@id\":\"https:\/\/vinarijaburnum.hr\/#\/schema\/logo\/image\/\"},\"sameAs\":[\"https:\/\/web.facebook.com\/Vinarija-Burnum-111560737163962\/\"]}]}<\/script>\n<!-- \/ Yoast SEO plugin. -->","yoast_head_json":{"title":"Cuv\u00e9e bianca - Vinarija Burnum","robots":{"index":"index","follow":"follow","max-snippet":"max-snippet:-1","max-image-preview":"max-image-preview:large","max-video-preview":"max-video-preview:-1"},"canonical":"https:\/\/vinarijaburnum.hr\/it\/prodotto\/bianco-cuvee-burnum\/","og_locale":"it_IT","og_type":"article","og_title":"Cuv\u00e9e bianca - Vinarija Burnum","og_description":"Anno di vendemmia: 2019. Vitigni: Chardonnay, Viognier, Po\u0161ip, Mara\u0161tina Alc.: 13,5 % Volume: 0,75 l Vigneto \/posizione: Vigneto di Knin Temperatura di servizio: 8-10 \u00b0C Produzione: 3400 bottiglie  Maturato in botti di rovere per 2 anni.","og_url":"https:\/\/vinarijaburnum.hr\/it\/prodotto\/bianco-cuvee-burnum\/","og_site_name":"Vinarija Burnum","article_publisher":"https:\/\/web.facebook.com\/Vinarija-Burnum-111560737163962\/","og_image":[{"width":1200,"height":900,"url":"https:\/\/vinarijaburnum.hr\/wp-content\/uploads\/2022\/04\/Bijeli-Cuvee-Burnum_webshop.png","type":"image\/png"}],"twitter_card":"summary_large_image","twitter_misc":{"Tempo di lettura stimato":"1 minuto"},"schema":{"@context":"https:\/\/schema.org","@graph":[{"@type":"WebPage","@id":"https:\/\/vinarijaburnum.hr\/it\/prodotto\/bianco-cuvee-burnum\/","url":"https:\/\/vinarijaburnum.hr\/it\/prodotto\/bianco-cuvee-burnum\/","name":"Cuv\u00e9e bianca - Vinarija Burnum","isPartOf":{"@id":"https:\/\/vinarijaburnum.hr\/#website"},"datePublished":"2022-04-28T13:25:25+00:00","dateModified":"2022-04-28T13:25:25+00:00","breadcrumb":{"@id":"https:\/\/vinarijaburnum.hr\/it\/prodotto\/bianco-cuvee-burnum\/#breadcrumb"},"inLanguage":"it-IT","potentialAction":[{"@type":"ReadAction","target":["https:\/\/vinarijaburnum.hr\/it\/prodotto\/bianco-cuvee-burnum\/"]}]},{"@type":"BreadcrumbList","@id":"https:\/\/vinarijaburnum.hr\/it\/prodotto\/bianco-cuvee-burnum\/#breadcrumb","itemListElement":[{"@type":"ListItem","position":1,"name":"Home","item":"https:\/\/vinarijaburnum.hr\/it\/titolo\/"},{"@type":"ListItem","position":2,"name":"Webshop","item":"https:\/\/vinarijaburnum.hr\/webshop\/"},{"@type":"ListItem","position":3,"name":"Cuv\u00e9e bianca"}]},{"@type":"WebSite","@id":"https:\/\/vinarijaburnum.hr\/#website","url":"https:\/\/vinarijaburnum.hr\/","name":"Vinarija Burnum","description":"Vinarija Burnum","publisher":{"@id":"https:\/\/vinarijaburnum.hr\/#organization"},"potentialAction":[{"@type":"SearchAction","target":{"@type":"EntryPoint","urlTemplate":"https:\/\/vinarijaburnum.hr\/?s={search_term_string}"},"query-input":"required name=search_term_string"}],"inLanguage":"it-IT"},{"@type":"Organization","@id":"https:\/\/vinarijaburnum.hr\/#organization","name":"Vinarija Burnum","url":"https:\/\/vinarijaburnum.hr\/","logo":{"@type":"ImageObject","inLanguage":"it-IT","@id":"https:\/\/vinarijaburnum.hr\/#\/schema\/logo\/image\/","url":"https:\/\/vinarijaburnum.hr\/wp-content\/uploads\/2022\/03\/Burnum_LOGO_full.png","contentUrl":"https:\/\/vinarijaburnum.hr\/wp-content\/uploads\/2022\/03\/Burnum_LOGO_full.png","width":725,"height":258,"caption":"Vinarija Burnum"},"image":{"@id":"https:\/\/vinarijaburnum.hr\/#\/schema\/logo\/image\/"},"sameAs":["https:\/\/web.facebook.com\/Vinarija-Burnum-111560737163962\/"]}]}},"_links":{"self":[{"href":"https:\/\/vinarijaburnum.hr\/it\/wp-json\/wp\/v2\/product\/2829","targetHints":{"allow":["GET"]}}],"collection":[{"href":"https:\/\/vinarijaburnum.hr\/it\/wp-json\/wp\/v2\/product"}],"about":[{"href":"https:\/\/vinarijaburnum.hr\/it\/wp-json\/wp\/v2\/types\/product"}],"replies":[{"embeddable":true,"href":"https:\/\/vinarijaburnum.hr\/it\/wp-json\/wp\/v2\/comments?post=2829"}],"wp:featuredmedia":[{"embeddable":true,"href":"https:\/\/vinarijaburnum.hr\/it\/wp-json\/wp\/v2\/media\/2519"}],"wp:attachment":[{"href":"https:\/\/vinarijaburnum.hr\/it\/wp-json\/wp\/v2\/media?parent=2829"}],"wp:term":[{"taxonomy":"product_cat","embeddable":true,"href":"https:\/\/vinarijaburnum.hr\/it\/wp-json\/wp\/v2\/product_cat?post=2829"},{"taxonomy":"product_tag","embeddable":true,"href":"https:\/\/vinarijaburnum.hr\/it\/wp-json\/wp\/v2\/product_tag?post=2829"}],"curies":[{"name":"wp","href":"https:\/\/api.w.org\/{rel}","templated":true}]}}