{"id":2832,"date":"2022-04-28T15:10:17","date_gmt":"2022-04-28T13:10:17","guid":{"rendered":"https:\/\/vinarijaburnum.hr\/product\/cuvee-rossa\/"},"modified":"2024-11-27T11:09:20","modified_gmt":"2024-11-27T10:09:20","slug":"nero-cuvee-burnum","status":"publish","type":"product","link":"https:\/\/vinarijaburnum.hr\/it\/prodotto\/nero-cuvee-burnum\/","title":{"rendered":"Cuv\u00e9e rossa (2018)"},"content":{"rendered":"<p>Un vino ricco, denso, dal colore rosso rubino intenso.<br \/>\nUna meravigliosa gamma di aromi al naso: mirtillo stramaturo, ciliegia, mora matura, prugna secca, liquirizia, ciliegia nel cioccolato fondente, vaniglia, caramello, note di cuoio e pepe.<br \/>\nUn vino secco, di corpo pieno e tannini maturi e finemente arrotondati. Ottimo equilibrio tra alcol e freschezza.<br \/>\nIn bocca, un&#8217;esplosione di aromi di frutti di bosco, seguiti da note terziarie di liquirizia, vaniglia e cioccolato. Il vino \u00e8 caratterizzato da ricchezza, seduzione e armonia.<br \/>\nLunga persistenza con spiccata freschezza, tannini morbidi e fruttato maturo. Un vino in cui il fattore umano, una tradizione millenaria e la meravigliosa natura della regione di Knin si fondono in un modo unico.<\/p>\n<p><strong>Consigli gastronomici:<\/strong> tutti i piatti di carne rossa e scura.<\/p>\n","protected":false},"excerpt":{"rendered":"<p><strong>Anno di vendemmia:<\/strong> 2018.<br \/>\n<strong>Variet\u00e0:<\/strong> merlot, cabernet sauvignon, babi\u0107, cabernet franc<br \/>\n<strong>Alc.:<\/strong> 14 %<br \/>\n<strong>Volume:<\/strong> 0,75 l<br \/>\nVigneto <strong>\/posizione:<\/strong> Vigneto di Knin<br \/>\n<strong>Temperatura di servizio:<\/strong> 16 \u00b0C<br \/>\n<strong>Produzione:<\/strong> 3400 bottiglie<\/p>\n<p><strong>Maturato in botti di rovere per 2 anni.<\/strong><\/p>\n","protected":false},"featured_media":2521,"comment_status":"open","ping_status":"closed","template":"","meta":[],"product_cat":[91],"product_tag":[],"class_list":{"0":"post-2832","1":"product","2":"type-product","3":"status-publish","4":"has-post-thumbnail","6":"product_cat-vini-rossi","8":"first","9":"instock","10":"taxable","11":"shipping-taxable","12":"purchasable","13":"product-type-simple"},"yoast_head":"<!-- This site is optimized with the Yoast SEO plugin v21.9.1 - https:\/\/yoast.com\/wordpress\/plugins\/seo\/ -->\n<title>Cuv\u00e9e rossa (2018) - Vinarija Burnum<\/title>\n<meta name=\"robots\" content=\"index, follow, max-snippet:-1, max-image-preview:large, max-video-preview:-1\" \/>\n<link rel=\"canonical\" href=\"https:\/\/vinarijaburnum.hr\/it\/prodotto\/nero-cuvee-burnum\/\" \/>\n<meta property=\"og:locale\" content=\"it_IT\" \/>\n<meta property=\"og:type\" content=\"article\" \/>\n<meta property=\"og:title\" content=\"Cuv\u00e9e rossa (2018) - Vinarija Burnum\" \/>\n<meta property=\"og:description\" content=\"Anno di vendemmia: 2018. Variet\u00e0: merlot, cabernet sauvignon, babi\u0107, cabernet franc Alc.: 14 % Volume: 0,75 l Vigneto \/posizione: Vigneto di Knin Temperatura di servizio: 16 \u00b0C Produzione: 3400 bottiglie  Maturato in botti di rovere per 2 anni.\" \/>\n<meta property=\"og:url\" content=\"https:\/\/vinarijaburnum.hr\/it\/prodotto\/nero-cuvee-burnum\/\" \/>\n<meta property=\"og:site_name\" content=\"Vinarija Burnum\" \/>\n<meta property=\"article:publisher\" content=\"https:\/\/web.facebook.com\/Vinarija-Burnum-111560737163962\/\" \/>\n<meta property=\"article:modified_time\" content=\"2024-11-27T10:09:20+00:00\" \/>\n<meta property=\"og:image\" content=\"https:\/\/vinarijaburnum.hr\/wp-content\/uploads\/2022\/04\/Crni-Cuvee-Burnum_webshop.png\" \/>\n\t<meta property=\"og:image:width\" content=\"1200\" \/>\n\t<meta property=\"og:image:height\" content=\"900\" \/>\n\t<meta property=\"og:image:type\" content=\"image\/png\" \/>\n<meta name=\"twitter:card\" content=\"summary_large_image\" \/>\n<meta name=\"twitter:label1\" content=\"Tempo di lettura stimato\" \/>\n\t<meta name=\"twitter:data1\" content=\"1 minuto\" \/>\n<script type=\"application\/ld+json\" class=\"yoast-schema-graph\">{\"@context\":\"https:\/\/schema.org\",\"@graph\":[{\"@type\":\"WebPage\",\"@id\":\"https:\/\/vinarijaburnum.hr\/it\/prodotto\/nero-cuvee-burnum\/\",\"url\":\"https:\/\/vinarijaburnum.hr\/it\/prodotto\/nero-cuvee-burnum\/\",\"name\":\"Cuv\u00e9e rossa (2018) - Vinarija Burnum\",\"isPartOf\":{\"@id\":\"https:\/\/vinarijaburnum.hr\/#website\"},\"datePublished\":\"2022-04-28T13:10:17+00:00\",\"dateModified\":\"2024-11-27T10:09:20+00:00\",\"breadcrumb\":{\"@id\":\"https:\/\/vinarijaburnum.hr\/it\/prodotto\/nero-cuvee-burnum\/#breadcrumb\"},\"inLanguage\":\"it-IT\",\"potentialAction\":[{\"@type\":\"ReadAction\",\"target\":[\"https:\/\/vinarijaburnum.hr\/it\/prodotto\/nero-cuvee-burnum\/\"]}]},{\"@type\":\"BreadcrumbList\",\"@id\":\"https:\/\/vinarijaburnum.hr\/it\/prodotto\/nero-cuvee-burnum\/#breadcrumb\",\"itemListElement\":[{\"@type\":\"ListItem\",\"position\":1,\"name\":\"Home\",\"item\":\"https:\/\/vinarijaburnum.hr\/it\/titolo\/\"},{\"@type\":\"ListItem\",\"position\":2,\"name\":\"Webshop\",\"item\":\"https:\/\/vinarijaburnum.hr\/webshop\/\"},{\"@type\":\"ListItem\",\"position\":3,\"name\":\"Cuv\u00e9e rossa (2018)\"}]},{\"@type\":\"WebSite\",\"@id\":\"https:\/\/vinarijaburnum.hr\/#website\",\"url\":\"https:\/\/vinarijaburnum.hr\/\",\"name\":\"Vinarija Burnum\",\"description\":\"Vinarija Burnum\",\"publisher\":{\"@id\":\"https:\/\/vinarijaburnum.hr\/#organization\"},\"potentialAction\":[{\"@type\":\"SearchAction\",\"target\":{\"@type\":\"EntryPoint\",\"urlTemplate\":\"https:\/\/vinarijaburnum.hr\/?s={search_term_string}\"},\"query-input\":\"required name=search_term_string\"}],\"inLanguage\":\"it-IT\"},{\"@type\":\"Organization\",\"@id\":\"https:\/\/vinarijaburnum.hr\/#organization\",\"name\":\"Vinarija Burnum\",\"url\":\"https:\/\/vinarijaburnum.hr\/\",\"logo\":{\"@type\":\"ImageObject\",\"inLanguage\":\"it-IT\",\"@id\":\"https:\/\/vinarijaburnum.hr\/#\/schema\/logo\/image\/\",\"url\":\"https:\/\/vinarijaburnum.hr\/wp-content\/uploads\/2022\/03\/Burnum_LOGO_full.png\",\"contentUrl\":\"https:\/\/vinarijaburnum.hr\/wp-content\/uploads\/2022\/03\/Burnum_LOGO_full.png\",\"width\":725,\"height\":258,\"caption\":\"Vinarija Burnum\"},\"image\":{\"@id\":\"https:\/\/vinarijaburnum.hr\/#\/schema\/logo\/image\/\"},\"sameAs\":[\"https:\/\/web.facebook.com\/Vinarija-Burnum-111560737163962\/\"]}]}<\/script>\n<!-- \/ Yoast SEO plugin. -->","yoast_head_json":{"title":"Cuv\u00e9e rossa (2018) - Vinarija Burnum","robots":{"index":"index","follow":"follow","max-snippet":"max-snippet:-1","max-image-preview":"max-image-preview:large","max-video-preview":"max-video-preview:-1"},"canonical":"https:\/\/vinarijaburnum.hr\/it\/prodotto\/nero-cuvee-burnum\/","og_locale":"it_IT","og_type":"article","og_title":"Cuv\u00e9e rossa (2018) - Vinarija Burnum","og_description":"Anno di vendemmia: 2018. Variet\u00e0: merlot, cabernet sauvignon, babi\u0107, cabernet franc Alc.: 14 % Volume: 0,75 l Vigneto \/posizione: Vigneto di Knin Temperatura di servizio: 16 \u00b0C Produzione: 3400 bottiglie  Maturato in botti di rovere per 2 anni.","og_url":"https:\/\/vinarijaburnum.hr\/it\/prodotto\/nero-cuvee-burnum\/","og_site_name":"Vinarija Burnum","article_publisher":"https:\/\/web.facebook.com\/Vinarija-Burnum-111560737163962\/","article_modified_time":"2024-11-27T10:09:20+00:00","og_image":[{"width":1200,"height":900,"url":"https:\/\/vinarijaburnum.hr\/wp-content\/uploads\/2022\/04\/Crni-Cuvee-Burnum_webshop.png","type":"image\/png"}],"twitter_card":"summary_large_image","twitter_misc":{"Tempo di lettura stimato":"1 minuto"},"schema":{"@context":"https:\/\/schema.org","@graph":[{"@type":"WebPage","@id":"https:\/\/vinarijaburnum.hr\/it\/prodotto\/nero-cuvee-burnum\/","url":"https:\/\/vinarijaburnum.hr\/it\/prodotto\/nero-cuvee-burnum\/","name":"Cuv\u00e9e rossa (2018) - Vinarija Burnum","isPartOf":{"@id":"https:\/\/vinarijaburnum.hr\/#website"},"datePublished":"2022-04-28T13:10:17+00:00","dateModified":"2024-11-27T10:09:20+00:00","breadcrumb":{"@id":"https:\/\/vinarijaburnum.hr\/it\/prodotto\/nero-cuvee-burnum\/#breadcrumb"},"inLanguage":"it-IT","potentialAction":[{"@type":"ReadAction","target":["https:\/\/vinarijaburnum.hr\/it\/prodotto\/nero-cuvee-burnum\/"]}]},{"@type":"BreadcrumbList","@id":"https:\/\/vinarijaburnum.hr\/it\/prodotto\/nero-cuvee-burnum\/#breadcrumb","itemListElement":[{"@type":"ListItem","position":1,"name":"Home","item":"https:\/\/vinarijaburnum.hr\/it\/titolo\/"},{"@type":"ListItem","position":2,"name":"Webshop","item":"https:\/\/vinarijaburnum.hr\/webshop\/"},{"@type":"ListItem","position":3,"name":"Cuv\u00e9e rossa (2018)"}]},{"@type":"WebSite","@id":"https:\/\/vinarijaburnum.hr\/#website","url":"https:\/\/vinarijaburnum.hr\/","name":"Vinarija Burnum","description":"Vinarija Burnum","publisher":{"@id":"https:\/\/vinarijaburnum.hr\/#organization"},"potentialAction":[{"@type":"SearchAction","target":{"@type":"EntryPoint","urlTemplate":"https:\/\/vinarijaburnum.hr\/?s={search_term_string}"},"query-input":"required name=search_term_string"}],"inLanguage":"it-IT"},{"@type":"Organization","@id":"https:\/\/vinarijaburnum.hr\/#organization","name":"Vinarija Burnum","url":"https:\/\/vinarijaburnum.hr\/","logo":{"@type":"ImageObject","inLanguage":"it-IT","@id":"https:\/\/vinarijaburnum.hr\/#\/schema\/logo\/image\/","url":"https:\/\/vinarijaburnum.hr\/wp-content\/uploads\/2022\/03\/Burnum_LOGO_full.png","contentUrl":"https:\/\/vinarijaburnum.hr\/wp-content\/uploads\/2022\/03\/Burnum_LOGO_full.png","width":725,"height":258,"caption":"Vinarija Burnum"},"image":{"@id":"https:\/\/vinarijaburnum.hr\/#\/schema\/logo\/image\/"},"sameAs":["https:\/\/web.facebook.com\/Vinarija-Burnum-111560737163962\/"]}]}},"_links":{"self":[{"href":"https:\/\/vinarijaburnum.hr\/it\/wp-json\/wp\/v2\/product\/2832","targetHints":{"allow":["GET"]}}],"collection":[{"href":"https:\/\/vinarijaburnum.hr\/it\/wp-json\/wp\/v2\/product"}],"about":[{"href":"https:\/\/vinarijaburnum.hr\/it\/wp-json\/wp\/v2\/types\/product"}],"replies":[{"embeddable":true,"href":"https:\/\/vinarijaburnum.hr\/it\/wp-json\/wp\/v2\/comments?post=2832"}],"wp:featuredmedia":[{"embeddable":true,"href":"https:\/\/vinarijaburnum.hr\/it\/wp-json\/wp\/v2\/media\/2521"}],"wp:attachment":[{"href":"https:\/\/vinarijaburnum.hr\/it\/wp-json\/wp\/v2\/media?parent=2832"}],"wp:term":[{"taxonomy":"product_cat","embeddable":true,"href":"https:\/\/vinarijaburnum.hr\/it\/wp-json\/wp\/v2\/product_cat?post=2832"},{"taxonomy":"product_tag","embeddable":true,"href":"https:\/\/vinarijaburnum.hr\/it\/wp-json\/wp\/v2\/product_tag?post=2832"}],"curies":[{"name":"wp","href":"https:\/\/api.w.org\/{rel}","templated":true}]}}