{"id":3258,"date":"2024-11-27T09:59:42","date_gmt":"2024-11-27T08:59:42","guid":{"rendered":"https:\/\/vinarijaburnum.hr\/?post_type=product&#038;p=3258"},"modified":"2024-12-03T16:52:03","modified_gmt":"2024-12-03T15:52:03","slug":"crveni-cuvee-2019","status":"publish","type":"product","link":"https:\/\/vinarijaburnum.hr\/it\/proizvod\/crveni-cuvee-2019\/","title":{"rendered":"Crveni cuv\u00e9e (2019) (1,5l)"},"content":{"rendered":"<p>Bogato, gusto vino dubinske crvene rubin boje.<br \/>\n\u010cudesna lepeza aroma na nosu: prezrela borovnica, vi\u0161nja, zrela kupina, suhe \u0161ljive, likoricija, vi\u0161nja u tamnoj \u010dokoladi, vanilija, karamel, ko\u017ene note i papar.<br \/>\nSuho vino, punog tijela te zrelih i fino zaobljenih tanina. Odli\u010dan balans alkohola i svje\u017eine.<br \/>\nU ustima eksplozija aroma tamnog bobi\u010dastog vo\u0107a, a slijede tercijarne note po likoriciji, vaniliji i \u010dokoladi. Vino odlikuje bogatsvo, zavodljivost i harmonija.<br \/>\nDuga\u010dko trajanje s izrazitom svje\u017einom, mekanim taninima i zrelom vo\u0107nosti. Vino u kojem se na jedinstveni na\u010din spajaju ljudski faktor, tisu\u0107ljetna tradicija i \u010dudesna priroda kninskog kraja.<\/p>\n<p><strong>Gastro preporuke:<\/strong> sva jela od crvenog i tamnog mesa.<\/p>\n","protected":false},"excerpt":{"rendered":"<p><strong>Godina berbe: <\/strong>2019.<br \/>\n<strong>Sorte:<\/strong> Merlot, Cabernet sauvignon, Cabernet franc, Carmenere, Marselan<br \/>\n<strong>Alk.:<\/strong> 14 %<br \/>\n<strong>Zapremnina:<\/strong> 1,5 l<br \/>\n<strong>Vinogorje\/pozicija:<\/strong> Kninsko vinogorje<br \/>\n<strong>Temperatura serviranja:<\/strong> 14-16 \u00b0C<\/p>\n<p><strong>Zoreno u hrastovim ba\u010dvama 2 godine.<\/strong><\/p>\n","protected":false},"featured_media":1057,"comment_status":"open","ping_status":"closed","template":"","meta":[],"product_cat":[58],"product_tag":[],"class_list":{"0":"post-3258","1":"product","2":"type-product","3":"status-publish","4":"has-post-thumbnail","6":"product_cat-crna-vina","8":"first","9":"instock","10":"taxable","11":"shipping-taxable","12":"purchasable","13":"product-type-simple"},"yoast_head":"<!-- This site is optimized with the Yoast SEO plugin v21.9.1 - https:\/\/yoast.com\/wordpress\/plugins\/seo\/ -->\n<title>Crveni cuv\u00e9e (2019) (1,5l) - Vinarija Burnum<\/title>\n<meta name=\"robots\" content=\"index, follow, max-snippet:-1, max-image-preview:large, max-video-preview:-1\" \/>\n<link rel=\"canonical\" href=\"https:\/\/vinarijaburnum.hr\/proizvod\/crveni-cuvee-2019\/\" \/>\n<meta property=\"og:locale\" content=\"it_IT\" \/>\n<meta property=\"og:type\" content=\"article\" \/>\n<meta property=\"og:title\" content=\"Crveni cuv\u00e9e (2019) (1,5l) - Vinarija Burnum\" \/>\n<meta property=\"og:description\" content=\"Godina berbe: 2019. Sorte: Merlot, Cabernet sauvignon, Cabernet franc, Carmenere, Marselan Alk.: 14 % Zapremnina: 1,5 l Vinogorje\/pozicija: Kninsko vinogorje Temperatura serviranja: 14-16 \u00b0C  Zoreno u hrastovim ba\u010dvama 2 godine.\" \/>\n<meta property=\"og:url\" content=\"https:\/\/vinarijaburnum.hr\/proizvod\/crveni-cuvee-2019\/\" \/>\n<meta property=\"og:site_name\" content=\"Vinarija Burnum\" \/>\n<meta property=\"article:publisher\" content=\"https:\/\/web.facebook.com\/Vinarija-Burnum-111560737163962\/\" \/>\n<meta property=\"article:modified_time\" content=\"2024-12-03T15:52:03+00:00\" \/>\n<meta property=\"og:image\" content=\"https:\/\/vinarijaburnum.hr\/wp-content\/uploads\/2022\/04\/Crni-Cuvee-Burnum_webshop.png\" \/>\n\t<meta property=\"og:image:width\" content=\"1200\" \/>\n\t<meta property=\"og:image:height\" content=\"900\" \/>\n\t<meta property=\"og:image:type\" content=\"image\/png\" \/>\n<meta name=\"twitter:card\" content=\"summary_large_image\" \/>\n<meta name=\"twitter:label1\" content=\"Tempo di lettura stimato\" \/>\n\t<meta name=\"twitter:data1\" content=\"1 minuto\" \/>\n<script type=\"application\/ld+json\" class=\"yoast-schema-graph\">{\"@context\":\"https:\/\/schema.org\",\"@graph\":[{\"@type\":\"WebPage\",\"@id\":\"https:\/\/vinarijaburnum.hr\/proizvod\/crveni-cuvee-2019\/\",\"url\":\"https:\/\/vinarijaburnum.hr\/proizvod\/crveni-cuvee-2019\/\",\"name\":\"Crveni cuv\u00e9e (2019) (1,5l) - Vinarija Burnum\",\"isPartOf\":{\"@id\":\"https:\/\/vinarijaburnum.hr\/#website\"},\"datePublished\":\"2024-11-27T08:59:42+00:00\",\"dateModified\":\"2024-12-03T15:52:03+00:00\",\"breadcrumb\":{\"@id\":\"https:\/\/vinarijaburnum.hr\/proizvod\/crveni-cuvee-2019\/#breadcrumb\"},\"inLanguage\":\"it-IT\",\"potentialAction\":[{\"@type\":\"ReadAction\",\"target\":[\"https:\/\/vinarijaburnum.hr\/proizvod\/crveni-cuvee-2019\/\"]}]},{\"@type\":\"BreadcrumbList\",\"@id\":\"https:\/\/vinarijaburnum.hr\/proizvod\/crveni-cuvee-2019\/#breadcrumb\",\"itemListElement\":[{\"@type\":\"ListItem\",\"position\":1,\"name\":\"Home\",\"item\":\"https:\/\/vinarijaburnum.hr\/it\/titolo\/\"},{\"@type\":\"ListItem\",\"position\":2,\"name\":\"Webshop\",\"item\":\"https:\/\/vinarijaburnum.hr\/webshop\/\"},{\"@type\":\"ListItem\",\"position\":3,\"name\":\"Crveni cuv\u00e9e (2019) (1,5l)\"}]},{\"@type\":\"WebSite\",\"@id\":\"https:\/\/vinarijaburnum.hr\/#website\",\"url\":\"https:\/\/vinarijaburnum.hr\/\",\"name\":\"Vinarija Burnum\",\"description\":\"Vinarija Burnum\",\"publisher\":{\"@id\":\"https:\/\/vinarijaburnum.hr\/#organization\"},\"potentialAction\":[{\"@type\":\"SearchAction\",\"target\":{\"@type\":\"EntryPoint\",\"urlTemplate\":\"https:\/\/vinarijaburnum.hr\/?s={search_term_string}\"},\"query-input\":\"required name=search_term_string\"}],\"inLanguage\":\"it-IT\"},{\"@type\":\"Organization\",\"@id\":\"https:\/\/vinarijaburnum.hr\/#organization\",\"name\":\"Vinarija Burnum\",\"url\":\"https:\/\/vinarijaburnum.hr\/\",\"logo\":{\"@type\":\"ImageObject\",\"inLanguage\":\"it-IT\",\"@id\":\"https:\/\/vinarijaburnum.hr\/#\/schema\/logo\/image\/\",\"url\":\"https:\/\/vinarijaburnum.hr\/wp-content\/uploads\/2022\/03\/Burnum_LOGO_full.png\",\"contentUrl\":\"https:\/\/vinarijaburnum.hr\/wp-content\/uploads\/2022\/03\/Burnum_LOGO_full.png\",\"width\":725,\"height\":258,\"caption\":\"Vinarija Burnum\"},\"image\":{\"@id\":\"https:\/\/vinarijaburnum.hr\/#\/schema\/logo\/image\/\"},\"sameAs\":[\"https:\/\/web.facebook.com\/Vinarija-Burnum-111560737163962\/\"]}]}<\/script>\n<!-- \/ Yoast SEO plugin. -->","yoast_head_json":{"title":"Crveni cuv\u00e9e (2019) (1,5l) - Vinarija Burnum","robots":{"index":"index","follow":"follow","max-snippet":"max-snippet:-1","max-image-preview":"max-image-preview:large","max-video-preview":"max-video-preview:-1"},"canonical":"https:\/\/vinarijaburnum.hr\/proizvod\/crveni-cuvee-2019\/","og_locale":"it_IT","og_type":"article","og_title":"Crveni cuv\u00e9e (2019) (1,5l) - Vinarija Burnum","og_description":"Godina berbe: 2019. Sorte: Merlot, Cabernet sauvignon, Cabernet franc, Carmenere, Marselan Alk.: 14 % Zapremnina: 1,5 l Vinogorje\/pozicija: Kninsko vinogorje Temperatura serviranja: 14-16 \u00b0C  Zoreno u hrastovim ba\u010dvama 2 godine.","og_url":"https:\/\/vinarijaburnum.hr\/proizvod\/crveni-cuvee-2019\/","og_site_name":"Vinarija Burnum","article_publisher":"https:\/\/web.facebook.com\/Vinarija-Burnum-111560737163962\/","article_modified_time":"2024-12-03T15:52:03+00:00","og_image":[{"width":1200,"height":900,"url":"https:\/\/vinarijaburnum.hr\/wp-content\/uploads\/2022\/04\/Crni-Cuvee-Burnum_webshop.png","type":"image\/png"}],"twitter_card":"summary_large_image","twitter_misc":{"Tempo di lettura stimato":"1 minuto"},"schema":{"@context":"https:\/\/schema.org","@graph":[{"@type":"WebPage","@id":"https:\/\/vinarijaburnum.hr\/proizvod\/crveni-cuvee-2019\/","url":"https:\/\/vinarijaburnum.hr\/proizvod\/crveni-cuvee-2019\/","name":"Crveni cuv\u00e9e (2019) (1,5l) - Vinarija Burnum","isPartOf":{"@id":"https:\/\/vinarijaburnum.hr\/#website"},"datePublished":"2024-11-27T08:59:42+00:00","dateModified":"2024-12-03T15:52:03+00:00","breadcrumb":{"@id":"https:\/\/vinarijaburnum.hr\/proizvod\/crveni-cuvee-2019\/#breadcrumb"},"inLanguage":"it-IT","potentialAction":[{"@type":"ReadAction","target":["https:\/\/vinarijaburnum.hr\/proizvod\/crveni-cuvee-2019\/"]}]},{"@type":"BreadcrumbList","@id":"https:\/\/vinarijaburnum.hr\/proizvod\/crveni-cuvee-2019\/#breadcrumb","itemListElement":[{"@type":"ListItem","position":1,"name":"Home","item":"https:\/\/vinarijaburnum.hr\/it\/titolo\/"},{"@type":"ListItem","position":2,"name":"Webshop","item":"https:\/\/vinarijaburnum.hr\/webshop\/"},{"@type":"ListItem","position":3,"name":"Crveni cuv\u00e9e (2019) (1,5l)"}]},{"@type":"WebSite","@id":"https:\/\/vinarijaburnum.hr\/#website","url":"https:\/\/vinarijaburnum.hr\/","name":"Vinarija Burnum","description":"Vinarija Burnum","publisher":{"@id":"https:\/\/vinarijaburnum.hr\/#organization"},"potentialAction":[{"@type":"SearchAction","target":{"@type":"EntryPoint","urlTemplate":"https:\/\/vinarijaburnum.hr\/?s={search_term_string}"},"query-input":"required name=search_term_string"}],"inLanguage":"it-IT"},{"@type":"Organization","@id":"https:\/\/vinarijaburnum.hr\/#organization","name":"Vinarija Burnum","url":"https:\/\/vinarijaburnum.hr\/","logo":{"@type":"ImageObject","inLanguage":"it-IT","@id":"https:\/\/vinarijaburnum.hr\/#\/schema\/logo\/image\/","url":"https:\/\/vinarijaburnum.hr\/wp-content\/uploads\/2022\/03\/Burnum_LOGO_full.png","contentUrl":"https:\/\/vinarijaburnum.hr\/wp-content\/uploads\/2022\/03\/Burnum_LOGO_full.png","width":725,"height":258,"caption":"Vinarija Burnum"},"image":{"@id":"https:\/\/vinarijaburnum.hr\/#\/schema\/logo\/image\/"},"sameAs":["https:\/\/web.facebook.com\/Vinarija-Burnum-111560737163962\/"]}]}},"_links":{"self":[{"href":"https:\/\/vinarijaburnum.hr\/it\/wp-json\/wp\/v2\/product\/3258","targetHints":{"allow":["GET"]}}],"collection":[{"href":"https:\/\/vinarijaburnum.hr\/it\/wp-json\/wp\/v2\/product"}],"about":[{"href":"https:\/\/vinarijaburnum.hr\/it\/wp-json\/wp\/v2\/types\/product"}],"replies":[{"embeddable":true,"href":"https:\/\/vinarijaburnum.hr\/it\/wp-json\/wp\/v2\/comments?post=3258"}],"wp:featuredmedia":[{"embeddable":true,"href":"https:\/\/vinarijaburnum.hr\/it\/wp-json\/wp\/v2\/media\/1057"}],"wp:attachment":[{"href":"https:\/\/vinarijaburnum.hr\/it\/wp-json\/wp\/v2\/media?parent=3258"}],"wp:term":[{"taxonomy":"product_cat","embeddable":true,"href":"https:\/\/vinarijaburnum.hr\/it\/wp-json\/wp\/v2\/product_cat?post=3258"},{"taxonomy":"product_tag","embeddable":true,"href":"https:\/\/vinarijaburnum.hr\/it\/wp-json\/wp\/v2\/product_tag?post=3258"}],"curies":[{"name":"wp","href":"https:\/\/api.w.org\/{rel}","templated":true}]}}